{"id":6144,"date":"2023-07-17T14:25:33","date_gmt":"2023-07-17T12:25:33","guid":{"rendered":"https:\/\/www.pharmaeducationcenter.it\/?post_type=product&#038;p=6144"},"modified":"2026-04-14T15:35:23","modified_gmt":"2026-04-14T13:35:23","slug":"qualifica-infrastruttura-it-gmp","status":"publish","type":"product","link":"https:\/\/www.pharmaeducationcenter.it\/en\/trainings\/pharma-engineering-and-validation\/qualifica-infrastruttura-it-gmp\/","title":{"rendered":"Qualifica dell\u2019infrastruttura IT in ambienti GMP"},"content":{"rendered":"<p>Il corso \u201cIT Infrastructure Qualification in ambienti GMP\u201d vuole approfondire l\u2019importanza dell\u2019infrastruttura IT e i requisiti previsti dalle norme applicabili.<\/p>\n<p>Negli ambienti regolati come il farmaceutico e quello biomedicale, l\u2019infrastruttura IT rappresenta il fondamento su cui risiedono gli applicativi utilizzati per l\u2019esecuzione dei vari processi aziendali. Le attivit\u00e0 di convalida previste per i software nel rispetto delle EU cGMP \u2013 Annex 11 sono direttamente interconnesse con la qualifica della rete infrastrutturale aziendale, pertanto la definizione di requisiti per la sicurezza IT \u00e8 diventata sempre pi\u00f9 importanti: solo una robusta infrastruttura IT pu\u00f2 garantire la sicurezza appropriata.<\/p>\n","protected":false},"excerpt":{"rendered":"<p>Il corso \u201cIT Infrastructure Qualification in ambienti GMP\u201d vuole approfondire l\u2019importanza dell\u2019infrastruttura IT e i requisiti previsti dalle norme applicabili. Negli ambienti regolati come il farmaceutico e quello biomedicale, l\u2019infrastruttura IT rappresenta il fondamento su cui risiedono gli applicativi utilizzati per l\u2019esecuzione dei vari processi aziendali.<\/p>\n","protected":false},"featured_media":6257,"template":"","meta":{"_acf_changed":false,"site-sidebar-layout":"default","site-content-layout":"default","ast-site-content-layout":"default","site-content-style":"default","site-sidebar-style":"default","ast-global-header-display":"","ast-banner-title-visibility":"","ast-main-header-display":"","ast-hfb-above-header-display":"","ast-hfb-below-header-display":"","ast-hfb-mobile-header-display":"","site-post-title":"","ast-breadcrumbs-content":"","ast-featured-img":"","footer-sml-layout":"","ast-disable-related-posts":"","theme-transparent-header-meta":"default","adv-header-id-meta":"","stick-header-meta":"","header-above-stick-meta":"","header-main-stick-meta":"","header-below-stick-meta":"","astra-migrate-meta-layouts":"default","ast-page-background-enabled":"default","ast-page-background-meta":{"desktop":{"background-color":"var(--ast-global-color-4)","background-image":"","background-repeat":"repeat","background-position":"center center","background-size":"auto","background-attachment":"scroll","background-type":"","background-media":"","overlay-type":"","overlay-color":"","overlay-opacity":"","overlay-gradient":""},"tablet":{"background-color":"","background-image":"","background-repeat":"repeat","background-position":"center center","background-size":"auto","background-attachment":"scroll","background-type":"","background-media":"","overlay-type":"","overlay-color":"","overlay-opacity":"","overlay-gradient":""},"mobile":{"background-color":"","background-image":"","background-repeat":"repeat","background-position":"center center","background-size":"auto","background-attachment":"scroll","background-type":"","background-media":"","overlay-type":"","overlay-color":"","overlay-opacity":"","overlay-gradient":""}},"ast-content-background-meta":{"desktop":{"background-color":"var(--ast-global-color-5)","background-image":"","background-repeat":"repeat","background-position":"center center","background-size":"auto","background-attachment":"scroll","background-type":"","background-media":"","overlay-type":"","overlay-color":"","overlay-opacity":"","overlay-gradient":""},"tablet":{"background-color":"var(--ast-global-color-5)","background-image":"","background-repeat":"repeat","background-position":"center center","background-size":"auto","background-attachment":"scroll","background-type":"","background-media":"","overlay-type":"","overlay-color":"","overlay-opacity":"","overlay-gradient":""},"mobile":{"background-color":"var(--ast-global-color-5)","background-image":"","background-repeat":"repeat","background-position":"center center","background-size":"auto","background-attachment":"scroll","background-type":"","background-media":"","overlay-type":"","overlay-color":"","overlay-opacity":"","overlay-gradient":""}},"_joinchat":[]},"product_brand":[],"product_cat":[110,117,97,118],"product_tag":[],"class_list":{"0":"post-6144","1":"product","2":"type-product","3":"status-publish","4":"has-post-thumbnail","6":"product_cat-pharma-engineering-and-validation","7":"product_cat-corsi-di-formazione","8":"product_cat-ingegneria-farmaceutica-e-validazione","9":"product_cat-trainings","10":"desktop-align-left","11":"tablet-align-left","12":"mobile-align-left","13":"ast-product-gallery-layout-horizontal-slider","14":"ast-product-gallery-with-no-image","15":"ast-magnify-disabled","16":"ast-product-single-variable","18":"first","19":"instock","20":"sale","21":"taxable","22":"shipping-taxable","23":"purchasable","24":"product-type-variable"},"acf":{"corso_new_label":false,"corso_promo_label":false,"corso_pdf_programma":"","corso_programma":"<h5>Struttura del corso<\/h5>\r\n09:00 \u2013 13:00 SESSIONE CORSO\r\n<h5>Programma<\/h5>\r\n<ul>\r\n \t<li>Regulatory Expectations<\/li>\r\n \t<li>IT infrastructure and Data Integrity<\/li>\r\n \t<li>IT infrastructure compliance assessment<\/li>\r\n \t<li>IT infrastructure qualification<\/li>\r\n \t<li>Maintenance of IT network<\/li>\r\n \t<li>Provider IT management<\/li>\r\n<\/ul>","corso_target":"<div class=\"et_pb_section et_pb_section_3 et_section_regular\">\r\n<div class=\"et_pb_row et_pb_row_1\">\r\n<div class=\"et_pb_column et_pb_column_4_4 et_pb_column_3 et_pb_css_mix_blend_mode_passthrough et-last-child\">\r\n<div class=\"et_pb_module et_pb_tabs et_pb_tabs_0 et_slide_transition_to_4 et_slide_transition_to_0 et_slide_transition_to_1\">\r\n<div class=\"et_pb_all_tabs\">\r\n<div class=\"et_pb_tab et_pb_tab_1 clearfix et-pb-active-slide\">\r\n<div class=\"et_pb_tab_content\">\r\n<div class=\"et_pb_section et_pb_section_3 et_section_regular\">\r\n<div class=\"et_pb_row et_pb_row_1\">\r\n<div class=\"et_pb_column et_pb_column_4_4 et_pb_column_3 et_pb_css_mix_blend_mode_passthrough et-last-child\">\r\n<div class=\"et_pb_module et_pb_tabs et_pb_tabs_0 et_slide_transition_to_3 et_slide_transition_to_0 et_slide_transition_to_1\">\r\n<div class=\"et_pb_all_tabs\">\r\n<div class=\"et_pb_tab et_pb_tab_1 clearfix et-pb-active-slide\">\r\n<div class=\"et_pb_tab_content\">\r\n\r\nIT, QA, Validation Responsible.\r\n\r\n<\/div>\r\n<\/div>\r\n<\/div>\r\n<\/div>\r\n<\/div>\r\n<\/div>\r\n<\/div>\r\n<\/div>\r\n<\/div>\r\n<\/div>\r\n<\/div>\r\n<\/div>\r\n<\/div>\r\n<\/div>","corso_competenze":[{"corso_competenze_item":"Overview dei requisiti IT previsti dalle normative applicabili"},{"corso_competenze_item":"Approfondire l\u2019importanza degli aspetti infrastrutturali IT"},{"corso_competenze_item":"Aspetti documentali legati alla qualifica delle infrastrutture IT"},{"corso_competenze_item":"Case study di qualifica dell\u2019infrastruttura IT"}]},"_links":{"self":[{"href":"https:\/\/www.pharmaeducationcenter.it\/en\/wp-json\/wp\/v2\/product\/6144","targetHints":{"allow":["GET"]}}],"collection":[{"href":"https:\/\/www.pharmaeducationcenter.it\/en\/wp-json\/wp\/v2\/product"}],"about":[{"href":"https:\/\/www.pharmaeducationcenter.it\/en\/wp-json\/wp\/v2\/types\/product"}],"wp:featuredmedia":[{"embeddable":true,"href":"https:\/\/www.pharmaeducationcenter.it\/en\/wp-json\/wp\/v2\/media\/6257"}],"wp:attachment":[{"href":"https:\/\/www.pharmaeducationcenter.it\/en\/wp-json\/wp\/v2\/media?parent=6144"}],"wp:term":[{"taxonomy":"product_brand","embeddable":true,"href":"https:\/\/www.pharmaeducationcenter.it\/en\/wp-json\/wp\/v2\/product_brand?post=6144"},{"taxonomy":"product_cat","embeddable":true,"href":"https:\/\/www.pharmaeducationcenter.it\/en\/wp-json\/wp\/v2\/product_cat?post=6144"},{"taxonomy":"product_tag","embeddable":true,"href":"https:\/\/www.pharmaeducationcenter.it\/en\/wp-json\/wp\/v2\/product_tag?post=6144"}],"curies":[{"name":"wp","href":"https:\/\/api.w.org\/{rel}","templated":true}]}}