{"id":16235,"date":"2025-05-08T12:27:50","date_gmt":"2025-05-08T10:27:50","guid":{"rendered":"https:\/\/www.pharmaeducationcenter.it\/?post_type=product&#038;p=16235"},"modified":"2026-04-21T16:14:38","modified_gmt":"2026-04-21T14:14:38","slug":"laboratorio-didattico-2-di-project-management-conoscenze-tecniche-e-metodologiche-la-gestione-del-rischio","status":"publish","type":"product","link":"https:\/\/www.pharmaeducationcenter.it\/en\/trainings\/soft-skills\/laboratorio-didattico-2-di-project-management-conoscenze-tecniche-e-metodologiche-la-gestione-del-rischio\/","title":{"rendered":"Laboratorio didattico 2 di Project Management: Conoscenze tecniche e metodologiche &#8211; La gestione del rischio"},"content":{"rendered":"<p><strong>LABORATORIO 2<\/strong><\/p>\n<p>Non esiste un progetto senza Rischi: il rischio \u00e8 un elemento proprio del Progetto. Pi\u00f9 il progetto \u00e8 innovativo, pi\u00f9 \u00e8 rischioso.<\/p>\n<p>La gestione dei rischi \u00e8 la disciplina che permette di sfruttare o aumentare i rischi positivi (opportunit\u00e0) cercando in parallelo di evitare o mitigare i rischi negativi (minacce). Il rischio \u00e8 inizialmente affrontato durante la pianificazione attraverso la definizione della strategia di progetto. Con l\u2019avanzamento del progetto \u00e8 necessario monitorare e gestire il rischio per accertarsi che si stia procedendo come pianificato e che i rischi emergenti siano affrontati.<br \/>\nLa gestione del rischio deve quindi comportare l&#8217;identificazione, la valutazione, il trattamento, il controllo e la risposta ai rischi, durante l&#8217;intero ciclo di vita del progetto, con lo scopo di ultimo di incrementare la probabilit\u00e0 di raggiungere gli obiettivi del progetto stesso.<\/p>\n<p>Il corso ha l\u2019obiettivo di fornire ai partecipanti competenze approfondite, teoriche e pratiche sulla gestione dei rischi, secondo la formula del \u201claboratorio didattico\u201d che prevede un\u2019esercitazione guidata sull\u2019elaborazione della matrice dei rischi.<\/p>\n<p>&nbsp;<\/p>\n<p><strong>Questo corso fa parte di un pacchetto formativo completo sul Project Management<\/strong>, composto da:<br \/>\n<strong>CORSO PM<\/strong> (<a href=\"https:\/\/www.pharmaeducationcenter.it\/en\/trainings\/soft-skills\/project-management-corso-base-per-figure-professionali-del-settore-farmaceutico-ed-healthcare-propedeutico-alla-qualificazione-isipm-base\/\" target=\"_blank\" rel=\"noopener\">vedi qui<\/a>) + <strong>LAB 1<\/strong> (<a href=\"https:\/\/www.pharmaeducationcenter.it\/en\/trainings\/soft-skills\/laboratorio-didattico-1-di-project-management-conoscenze-di-contesto\/\">vedi qui<\/a>)+ <strong>LAB 2<\/strong>.<\/p>\n<p>\u25b6 \u00c8 possibile acquistare <strong>l\u2019intero pacchetto in un\u2019unica soluzione<\/strong> al prezzo speciale di <b>2050 \u20ac<\/b>.<br \/>\n\u25b6 Se decidi di completare il percorso dopo aver partecipato al <strong>CORSO PM<\/strong>, contattaci e potrai accedere a ciascun laboratorio ad un costo agevolato!<\/p>\n<p>Non perderti questa opportunit\u00e0 pensata per chi desidera acquisire competenze solide e operative nella gestione dei progetti!<\/p>\n","protected":false},"excerpt":{"rendered":"<p>I progetti rappresentano lo strumento fondamentale per fornire le soluzioni e le innovazioni che le organizzazioni richiedono per assicurarsi un continuo sviluppo.<\/p>\n","protected":false},"featured_media":3273,"template":"","meta":{"_acf_changed":false,"site-sidebar-layout":"default","site-content-layout":"default","ast-site-content-layout":"default","site-content-style":"default","site-sidebar-style":"default","ast-global-header-display":"","ast-banner-title-visibility":"","ast-main-header-display":"","ast-hfb-above-header-display":"","ast-hfb-below-header-display":"","ast-hfb-mobile-header-display":"","site-post-title":"","ast-breadcrumbs-content":"","ast-featured-img":"","footer-sml-layout":"","ast-disable-related-posts":"","theme-transparent-header-meta":"default","adv-header-id-meta":"","stick-header-meta":"","header-above-stick-meta":"","header-main-stick-meta":"","header-below-stick-meta":"","astra-migrate-meta-layouts":"default","ast-page-background-enabled":"default","ast-page-background-meta":{"desktop":{"background-color":"var(--ast-global-color-4)","background-image":"","background-repeat":"repeat","background-position":"center center","background-size":"auto","background-attachment":"scroll","background-type":"","background-media":"","overlay-type":"","overlay-color":"","overlay-opacity":"","overlay-gradient":""},"tablet":{"background-color":"","background-image":"","background-repeat":"repeat","background-position":"center center","background-size":"auto","background-attachment":"scroll","background-type":"","background-media":"","overlay-type":"","overlay-color":"","overlay-opacity":"","overlay-gradient":""},"mobile":{"background-color":"","background-image":"","background-repeat":"repeat","background-position":"center center","background-size":"auto","background-attachment":"scroll","background-type":"","background-media":"","overlay-type":"","overlay-color":"","overlay-opacity":"","overlay-gradient":""}},"ast-content-background-meta":{"desktop":{"background-color":"var(--ast-global-color-5)","background-image":"","background-repeat":"repeat","background-position":"center center","background-size":"auto","background-attachment":"scroll","background-type":"","background-media":"","overlay-type":"","overlay-color":"","overlay-opacity":"","overlay-gradient":""},"tablet":{"background-color":"var(--ast-global-color-5)","background-image":"","background-repeat":"repeat","background-position":"center center","background-size":"auto","background-attachment":"scroll","background-type":"","background-media":"","overlay-type":"","overlay-color":"","overlay-opacity":"","overlay-gradient":""},"mobile":{"background-color":"var(--ast-global-color-5)","background-image":"","background-repeat":"repeat","background-position":"center center","background-size":"auto","background-attachment":"scroll","background-type":"","background-media":"","overlay-type":"","overlay-color":"","overlay-opacity":"","overlay-gradient":""}},"_joinchat":[]},"product_brand":[],"product_cat":[103,98,117,106,92,118],"product_tag":[],"class_list":{"0":"post-16235","1":"product","2":"type-product","3":"status-publish","4":"has-post-thumbnail","6":"product_cat-soft-skills","7":"product_cat-affari-regolatori","8":"product_cat-corsi-di-formazione","9":"product_cat-regulatory-affairs","11":"product_cat-trainings","12":"desktop-align-left","13":"tablet-align-left","14":"mobile-align-left","15":"ast-product-gallery-layout-horizontal-slider","16":"ast-product-gallery-with-no-image","17":"ast-magnify-disabled","18":"ast-product-single-variable","20":"first","21":"instock","22":"taxable","23":"shipping-taxable","24":"purchasable","25":"product-type-variable"},"acf":{"corso_new_label":true,"corso_promo_label":true,"corso_pdf_programma":"","corso_programma":"<h5>Struttura del corso<\/h5>\r\n9.30 - 12.3o SESSIONE CORSO\r\n<h5>Programma<\/h5>\r\n<ul>\r\n \t<li>Introduzione al Risk Management<\/li>\r\n \t<li>Identificare i Rischi<\/li>\r\n \t<li>Fare l\u2019analisi Qualitativa\/Quantitativa dei Rischi<\/li>\r\n \t<li>Pianificare le risposte ai Rischi<\/li>\r\n \t<li>Eseguire le risposte ai Rischi<\/li>\r\n \t<li>Monitorare e Controllare i Rischi<\/li>\r\n \t<li>Esercitazione pratica: elaborazione della matrice dei rischi<\/li>\r\n<\/ul>","corso_target":"Project Manager Junior; Responsabili di Attivit\u00e0 Progettuali; Membri di Team di Progetto.","corso_competenze":[{"corso_competenze_item":"Conoscenze tecniche e metodologie per la gestione dei rischi "},{"corso_competenze_item":"Strumenti di gestione del rischio"},{"corso_competenze_item":"Esercitazione pratica: elaborazione della matrice dei rischi"}]},"_links":{"self":[{"href":"https:\/\/www.pharmaeducationcenter.it\/en\/wp-json\/wp\/v2\/product\/16235","targetHints":{"allow":["GET"]}}],"collection":[{"href":"https:\/\/www.pharmaeducationcenter.it\/en\/wp-json\/wp\/v2\/product"}],"about":[{"href":"https:\/\/www.pharmaeducationcenter.it\/en\/wp-json\/wp\/v2\/types\/product"}],"wp:featuredmedia":[{"embeddable":true,"href":"https:\/\/www.pharmaeducationcenter.it\/en\/wp-json\/wp\/v2\/media\/3273"}],"wp:attachment":[{"href":"https:\/\/www.pharmaeducationcenter.it\/en\/wp-json\/wp\/v2\/media?parent=16235"}],"wp:term":[{"taxonomy":"product_brand","embeddable":true,"href":"https:\/\/www.pharmaeducationcenter.it\/en\/wp-json\/wp\/v2\/product_brand?post=16235"},{"taxonomy":"product_cat","embeddable":true,"href":"https:\/\/www.pharmaeducationcenter.it\/en\/wp-json\/wp\/v2\/product_cat?post=16235"},{"taxonomy":"product_tag","embeddable":true,"href":"https:\/\/www.pharmaeducationcenter.it\/en\/wp-json\/wp\/v2\/product_tag?post=16235"}],"curies":[{"name":"wp","href":"https:\/\/api.w.org\/{rel}","templated":true}]}}